{"id":2413,"date":"2024-08-02T15:12:39","date_gmt":"2024-08-02T13:12:39","guid":{"rendered":"https:\/\/gasthauswolf.it\/note-legali\/"},"modified":"2024-12-02T17:19:09","modified_gmt":"2024-12-02T16:19:09","slug":"note-legali","status":"publish","type":"page","link":"https:\/\/gasthauswolf.it\/it\/note-legali\/","title":{"rendered":"Note legali"},"content":{"rendered":"\t\t<div data-elementor-type=\"wp-page\" data-elementor-id=\"2413\" class=\"elementor elementor-2413 elementor-155\" data-elementor-post-type=\"page\">\n\t\t\t\t<div class=\"elementor-element elementor-element-0805264 e-flex e-con-boxed e-con e-parent\" data-id=\"0805264\" data-element_type=\"container\" data-e-type=\"container\">\n\t\t\t\t\t<div class=\"e-con-inner\">\n\t\t\t\t<div class=\"elementor-element elementor-element-16a85e8 elementor-widget elementor-widget-heading\" data-id=\"16a85e8\" data-element_type=\"widget\" data-e-type=\"widget\" data-widget_type=\"heading.default\">\n\t\t\t\t\t<h1 class=\"elementor-heading-title elementor-size-default\">Note legali<\/h1>\t\t\t\t<\/div>\n\t\t\t\t\t<\/div>\n\t\t\t\t<\/div>\n\t\t<div class=\"elementor-element elementor-element-0d3d47e e-flex e-con-boxed e-con e-parent\" data-id=\"0d3d47e\" data-element_type=\"container\" data-e-type=\"container\">\n\t\t\t\t\t<div class=\"e-con-inner\">\n\t\t<div class=\"elementor-element elementor-element-019acf6 e-con-full e-flex e-con e-child\" data-id=\"019acf6\" data-element_type=\"container\" data-e-type=\"container\">\n\t\t\t\t<div class=\"elementor-element elementor-element-e5b508f elementor-widget elementor-widget-heading\" data-id=\"e5b508f\" data-element_type=\"widget\" data-e-type=\"widget\" data-widget_type=\"heading.default\">\n\t\t\t\t\t<h2 class=\"elementor-heading-title elementor-size-default\">Proprietaria del contenuto<\/h2>\t\t\t\t<\/div>\n\t\t\t\t<div class=\"elementor-element elementor-element-b446339 elementor-widget elementor-widget-text-editor\" data-id=\"b446339\" data-element_type=\"widget\" data-e-type=\"widget\" data-widget_type=\"text-editor.default\">\n\t\t\t\t\t\t\t\t\t<p>Vera Mair (Impresa individuale)<br \/>Via Riesenbachl 3<br \/>39049 Vipiteno<\/p>\n<p><strong>T<\/strong> +39 377 094 72 83<br \/><strong>M<\/strong> <a href=\"mailto:mail@gasthauswolf.it\">mail@gasthauswolf.it<\/a><\/p>\n<p><strong>Partita IVA e Iscrizione alla Camera di Commercio <\/strong>MRAVRE97D64M067Z<\/p>\n<p><strong>Part. IVA<\/strong> 03227110214<\/p>\n\t\t\t\t\t\t\t\t<\/div>\n\t\t\t\t<\/div>\n\t\t\t\t\t<\/div>\n\t\t\t\t<\/div>\n\t\t<div class=\"elementor-element elementor-element-5e6f35c e-flex e-con-boxed e-con e-parent\" data-id=\"5e6f35c\" data-element_type=\"container\" data-e-type=\"container\">\n\t\t\t\t\t<div class=\"e-con-inner\">\n\t\t<div class=\"elementor-element elementor-element-414d398 e-con-full e-flex e-con e-child\" data-id=\"414d398\" data-element_type=\"container\" data-e-type=\"container\">\n\t\t\t\t<div class=\"elementor-element elementor-element-48cb4c4 elementor-widget elementor-widget-heading\" data-id=\"48cb4c4\" data-element_type=\"widget\" data-e-type=\"widget\" data-widget_type=\"heading.default\">\n\t\t\t\t\t<h2 class=\"elementor-heading-title elementor-size-default\">created by<\/h2>\t\t\t\t<\/div>\n\t\t\t\t<div class=\"elementor-element elementor-element-7152eee elementor-widget elementor-widget-text-editor\" data-id=\"7152eee\" data-element_type=\"widget\" data-e-type=\"widget\" data-widget_type=\"text-editor.default\">\n\t\t\t\t\t\t\t\t\t<p>i-kiu design GmbH<br \/><a href=\"mailto:hallo@i-kiu.design\">hallo@i-kiu.design<\/a><br \/><a href=\"https:\/\/www.i-kiu.design\/\" target=\"_blank\" rel=\"noopener\">www.i-kiu.design<\/a><\/p>\n<p>i-kiu \u2013 motion graphic backend GmbH<br \/><a href=\"mailto:postbox@i-kiu.at\">postbox@i-kiu.at<\/a><br \/><a href=\"https:\/\/www.i-kiu.at\/\" target=\"_blank\" rel=\"noopener\">www.i-kiu.at<\/a><\/p>\n\t\t\t\t\t\t\t\t<\/div>\n\t\t\t\t<\/div>\n\t\t\t\t\t<\/div>\n\t\t\t\t<\/div>\n\t\t<div class=\"elementor-element elementor-element-86a09d2 e-flex e-con-boxed e-con e-parent\" data-id=\"86a09d2\" data-element_type=\"container\" data-e-type=\"container\">\n\t\t\t\t\t<div class=\"e-con-inner\">\n\t\t<div class=\"elementor-element elementor-element-2bc01b0 e-con-full e-flex e-con e-child\" data-id=\"2bc01b0\" data-element_type=\"container\" data-e-type=\"container\">\n\t\t\t\t<div class=\"elementor-element elementor-element-bed6174 elementor-widget elementor-widget-heading\" data-id=\"bed6174\" data-element_type=\"widget\" data-e-type=\"widget\" data-widget_type=\"heading.default\">\n\t\t\t\t\t<h2 class=\"elementor-heading-title elementor-size-default\">Immagini<\/h2>\t\t\t\t<\/div>\n\t\t\t\t<div class=\"elementor-element elementor-element-8a6f72e elementor-widget elementor-widget-text-editor\" data-id=\"8a6f72e\" data-element_type=\"widget\" data-e-type=\"widget\" data-widget_type=\"text-editor.default\">\n\t\t\t\t\t\t\t\t\t<p>Unsplash<\/p>\n\t\t\t\t\t\t\t\t<\/div>\n\t\t\t\t<\/div>\n\t\t\t\t\t<\/div>\n\t\t\t\t<\/div>\n\t\t<div class=\"elementor-element elementor-element-d5f670f e-flex e-con-boxed e-con e-parent\" data-id=\"d5f670f\" data-element_type=\"container\" data-e-type=\"container\">\n\t\t\t\t\t<div class=\"e-con-inner\">\n\t\t<div class=\"elementor-element elementor-element-d89adf7 e-con-full e-flex e-con e-child\" data-id=\"d89adf7\" data-element_type=\"container\" data-e-type=\"container\">\n\t\t\t\t<div class=\"elementor-element elementor-element-73756b1 elementor-widget elementor-widget-heading\" data-id=\"73756b1\" data-element_type=\"widget\" data-e-type=\"widget\" data-widget_type=\"heading.default\">\n\t\t\t\t\t<h2 class=\"elementor-heading-title elementor-size-default\">Disclaimer<\/h2>\t\t\t\t<\/div>\n\t\t\t\t<div class=\"elementor-element elementor-element-cd4eda8 elementor-widget elementor-widget-text-editor\" data-id=\"cd4eda8\" data-element_type=\"widget\" data-e-type=\"widget\" data-widget_type=\"text-editor.default\">\n\t\t\t\t\t\t\t\t\t<p>Vera Mair fa del suo meglio per garantire che le informazioni contenute in questo sito siano accurate. Tuttavia, \u00e8 esclusa qualsiasi responsabilit\u00e0 o garanzia per l&#8217;attualit\u00e0, la correttezza e la completezza delle informazioni fornite. Inoltre Vera Mair non \u00e8 responsabile del contenuto dei siti web collegati esternamente tramite collegamenti ipertestuali. Vera Mair si riserva il diritto di apportare modifiche o integrazioni alle informazioni fornite senza preavviso.   <\/p>\n\t\t\t\t\t\t\t\t<\/div>\n\t\t\t\t<\/div>\n\t\t\t\t\t<\/div>\n\t\t\t\t<\/div>\n\t\t<div class=\"elementor-element elementor-element-ef55cf8 e-flex e-con-boxed e-con e-parent\" data-id=\"ef55cf8\" data-element_type=\"container\" data-e-type=\"container\">\n\t\t\t\t\t<div class=\"e-con-inner\">\n\t\t<div class=\"elementor-element elementor-element-ade65d4 e-con-full e-flex e-con e-child\" data-id=\"ade65d4\" data-element_type=\"container\" data-e-type=\"container\">\n\t\t\t\t<div class=\"elementor-element elementor-element-7ea5410 elementor-widget elementor-widget-heading\" data-id=\"7ea5410\" data-element_type=\"widget\" data-e-type=\"widget\" data-widget_type=\"heading.default\">\n\t\t\t\t\t<h2 class=\"elementor-heading-title elementor-size-default\">Titolare del trattamento dei dati personali<\/h2>\t\t\t\t<\/div>\n\t\t\t\t<div class=\"elementor-element elementor-element-6e0c90b elementor-widget elementor-widget-text-editor\" data-id=\"6e0c90b\" data-element_type=\"widget\" data-e-type=\"widget\" data-widget_type=\"text-editor.default\">\n\t\t\t\t\t\t\t\t\t<p>Titolare del trattamento dei dati personali raccolti ed elaborati in occasione dell&#8217;accesso e dell&#8217;utilizzo del sito web \u00e8 Vera Mair, Via Riesenbachl 3, 39049 Vipiteno. La persona di contatto per la protezione dei dati \u00e8 Vera Mair. <\/p>\n<p>Informazioni dettagliate sulle modalit\u00e0 di gestione del sito in riferimento al trattamento dei dati personali degli utenti che consultano questo sito sono presenti nella sezione relativa alla protezione dei dati.<\/p>\n\t\t\t\t\t\t\t\t<\/div>\n\t\t\t\t<\/div>\n\t\t\t\t\t<\/div>\n\t\t\t\t<\/div>\n\t\t<div class=\"elementor-element elementor-element-7f74765 e-flex e-con-boxed e-con e-parent\" data-id=\"7f74765\" data-element_type=\"container\" data-e-type=\"container\">\n\t\t\t\t\t<div class=\"e-con-inner\">\n\t\t<div class=\"elementor-element elementor-element-c3f46b1 e-con-full e-flex e-con e-child\" data-id=\"c3f46b1\" data-element_type=\"container\" data-e-type=\"container\">\n\t\t\t\t<div class=\"elementor-element elementor-element-b2eabb4 elementor-widget elementor-widget-heading\" data-id=\"b2eabb4\" data-element_type=\"widget\" data-e-type=\"widget\" data-widget_type=\"heading.default\">\n\t\t\t\t\t<h2 class=\"elementor-heading-title elementor-size-default\">Diritto d'autore<\/h2>\t\t\t\t<\/div>\n\t\t\t\t<div class=\"elementor-element elementor-element-5e23ba8 elementor-widget elementor-widget-text-editor\" data-id=\"5e23ba8\" data-element_type=\"widget\" data-e-type=\"widget\" data-widget_type=\"text-editor.default\">\n\t\t\t\t\t\t\t\t\t<p>Il layout del sito web, la grafica utilizzata e il contenuto del sito web di Vera Mair sono protetti dal diritto d&#8217;autore. La riproduzione di informazioni, in particolare l&#8217;utilizzo di testi, parti di testo o immagini richiede il previo consenso scritto di Vera Mair. <\/p>\n\t\t\t\t\t\t\t\t<\/div>\n\t\t\t\t<\/div>\n\t\t\t\t\t<\/div>\n\t\t\t\t<\/div>\n\t\t\t\t<\/div>\n\t\t","protected":false},"excerpt":{"rendered":"<p>Note legali Locanda Wolf | Proprietaria del contenuto: Vera Mair (Impresa individuale), Via Riesenbachl 3, 39049 Vipiteno, +39 377 0947 283, mail@gasthauswolf.it.<\/p>\n","protected":false},"author":4,"featured_media":0,"parent":0,"menu_order":0,"comment_status":"closed","ping_status":"closed","template":"","meta":{"footnotes":""},"class_list":["post-2413","page","type-page","status-publish","hentry"],"_links":{"self":[{"href":"https:\/\/gasthauswolf.it\/it\/wp-json\/wp\/v2\/pages\/2413","targetHints":{"allow":["GET"]}}],"collection":[{"href":"https:\/\/gasthauswolf.it\/it\/wp-json\/wp\/v2\/pages"}],"about":[{"href":"https:\/\/gasthauswolf.it\/it\/wp-json\/wp\/v2\/types\/page"}],"author":[{"embeddable":true,"href":"https:\/\/gasthauswolf.it\/it\/wp-json\/wp\/v2\/users\/4"}],"replies":[{"embeddable":true,"href":"https:\/\/gasthauswolf.it\/it\/wp-json\/wp\/v2\/comments?post=2413"}],"version-history":[{"count":0,"href":"https:\/\/gasthauswolf.it\/it\/wp-json\/wp\/v2\/pages\/2413\/revisions"}],"wp:attachment":[{"href":"https:\/\/gasthauswolf.it\/it\/wp-json\/wp\/v2\/media?parent=2413"}],"curies":[{"name":"wp","href":"https:\/\/api.w.org\/{rel}","templated":true}]}}