{"id":2394,"date":"2024-07-26T18:03:03","date_gmt":"2024-07-26T16:03:03","guid":{"rendered":"https:\/\/gasthauswolf.it\/eventi\/"},"modified":"2025-02-06T09:28:58","modified_gmt":"2025-02-06T08:28:58","slug":"eventi","status":"publish","type":"page","link":"https:\/\/gasthauswolf.it\/it\/eventi\/","title":{"rendered":"Eventi"},"content":{"rendered":"\t\t<div data-elementor-type=\"wp-page\" data-elementor-id=\"2394\" class=\"elementor elementor-2394 elementor-76\" data-elementor-post-type=\"page\">\n\t\t\t\t<div class=\"elementor-element elementor-element-0998bbe e-flex e-con-boxed e-con e-parent\" data-id=\"0998bbe\" data-element_type=\"container\" data-e-type=\"container\">\n\t\t\t\t\t<div class=\"e-con-inner\">\n\t\t\t\t<div class=\"elementor-element elementor-element-023c343 elementor-widget elementor-widget-heading\" data-id=\"023c343\" data-element_type=\"widget\" data-e-type=\"widget\" data-widget_type=\"heading.default\">\n\t\t\t\t\t<p class=\"elementor-heading-title elementor-size-default\">Feste da celebrare?<br>Alla ricerca della location ideale? <\/p>\t\t\t\t<\/div>\n\t\t\t\t<div class=\"elementor-element elementor-element-e7393f5 elementor-widget elementor-widget-heading\" data-id=\"e7393f5\" data-element_type=\"widget\" data-e-type=\"widget\" data-widget_type=\"heading.default\">\n\t\t\t\t\t<p class=\"elementor-heading-title elementor-size-default\">Il tuo evento esclusivo con noi.<\/p>\t\t\t\t<\/div>\n\t\t\t\t\t<\/div>\n\t\t\t\t<\/div>\n\t\t<div class=\"elementor-element elementor-element-70df186 e-flex e-con-boxed e-con e-parent\" data-id=\"70df186\" data-element_type=\"container\" data-e-type=\"container\">\n\t\t\t\t\t<div class=\"e-con-inner\">\n\t\t<div class=\"elementor-element elementor-element-791faed e-con-full e-flex e-con e-child\" data-id=\"791faed\" data-element_type=\"container\" data-e-type=\"container\">\n\t\t\t\t<div class=\"elementor-element elementor-element-308ae9f elementor-widget elementor-widget-image\" data-id=\"308ae9f\" data-element_type=\"widget\" data-e-type=\"widget\" data-widget_type=\"image.default\">\n\t\t\t\t\t\t\t\t\t\t\t\t\t\t\t<img fetchpriority=\"high\" decoding=\"async\" width=\"800\" height=\"534\" src=\"https:\/\/gasthauswolf.it\/wp-content\/uploads\/gasthaus-wolf-am-brenner-historische-stube-ofenbank-ziertruhe-1024x683.jpg\" class=\"attachment-large size-large wp-image-2642\" alt=\"Storica stube della Locanda Wolf con pareti rivestite in legno, sedie e tavoli rustici, una tradizionale stufa a legna con panchina e una storica cassapanca dipinta.\" srcset=\"https:\/\/gasthauswolf.it\/wp-content\/uploads\/gasthaus-wolf-am-brenner-historische-stube-ofenbank-ziertruhe-1024x683.jpg 1024w, https:\/\/gasthauswolf.it\/wp-content\/uploads\/gasthaus-wolf-am-brenner-historische-stube-ofenbank-ziertruhe-300x200.jpg 300w, https:\/\/gasthauswolf.it\/wp-content\/uploads\/gasthaus-wolf-am-brenner-historische-stube-ofenbank-ziertruhe-768x513.jpg 768w, https:\/\/gasthauswolf.it\/wp-content\/uploads\/gasthaus-wolf-am-brenner-historische-stube-ofenbank-ziertruhe-1536x1025.jpg 1536w, https:\/\/gasthauswolf.it\/wp-content\/uploads\/gasthaus-wolf-am-brenner-historische-stube-ofenbank-ziertruhe-2048x1367.jpg 2048w\" sizes=\"(max-width: 800px) 100vw, 800px\" \/>\t\t\t\t\t\t\t\t\t\t\t\t\t\t\t<\/div>\n\t\t\t\t<\/div>\n\t\t<div class=\"elementor-element elementor-element-e6f1121 e-con-full e-flex e-con e-child\" data-id=\"e6f1121\" data-element_type=\"container\" data-e-type=\"container\">\n\t\t\t\t<div class=\"elementor-element elementor-element-1f1357f elementor-widget elementor-widget-image\" data-id=\"1f1357f\" data-element_type=\"widget\" data-e-type=\"widget\" data-widget_type=\"image.default\">\n\t\t\t\t\t\t\t\t\t\t\t\t\t\t\t<img decoding=\"async\" width=\"800\" height=\"534\" data-src=\"https:\/\/gasthauswolf.it\/wp-content\/uploads\/gasthaus-wolf-am-brenner-historische-stube-holzvertaefelung-1024x684.jpg\" class=\"attachment-large size-large wp-image-2658 lazyload\" alt=\"La storica stube della Locanda Wolf con travi di legno sul soffitto, pareti rivestite in legno, sedie rustiche in legno, tavoli apparecchiati e una tradizionale stufa a legna.\" data-srcset=\"https:\/\/gasthauswolf.it\/wp-content\/uploads\/gasthaus-wolf-am-brenner-historische-stube-holzvertaefelung-1024x684.jpg 1024w, https:\/\/gasthauswolf.it\/wp-content\/uploads\/gasthaus-wolf-am-brenner-historische-stube-holzvertaefelung-300x200.jpg 300w, https:\/\/gasthauswolf.it\/wp-content\/uploads\/gasthaus-wolf-am-brenner-historische-stube-holzvertaefelung-768x513.jpg 768w, https:\/\/gasthauswolf.it\/wp-content\/uploads\/gasthaus-wolf-am-brenner-historische-stube-holzvertaefelung-1536x1025.jpg 1536w, https:\/\/gasthauswolf.it\/wp-content\/uploads\/gasthaus-wolf-am-brenner-historische-stube-holzvertaefelung-2048x1367.jpg 2048w\" data-sizes=\"(max-width: 800px) 100vw, 800px\" src=\"data:image\/svg+xml;base64,PHN2ZyB3aWR0aD0iMSIgaGVpZ2h0PSIxIiB4bWxucz0iaHR0cDovL3d3dy53My5vcmcvMjAwMC9zdmciPjwvc3ZnPg==\" style=\"--smush-placeholder-width: 800px; --smush-placeholder-aspect-ratio: 800\/534;\" \/>\t\t\t\t\t\t\t\t\t\t\t\t\t\t\t<\/div>\n\t\t\t\t<\/div>\n\t\t\t\t\t<\/div>\n\t\t\t\t<\/div>\n\t\t<div class=\"elementor-element elementor-element-bbca623 e-flex e-con-boxed e-con e-parent\" data-id=\"bbca623\" data-element_type=\"container\" data-e-type=\"container\">\n\t\t\t\t\t<div class=\"e-con-inner\">\n\t\t<div class=\"elementor-element elementor-element-0332bb4 e-con-full e-flex e-con e-child\" data-id=\"0332bb4\" data-element_type=\"container\" data-e-type=\"container\">\n\t\t\t\t<div class=\"elementor-element elementor-element-622d40f elementor-widget elementor-widget-heading\" data-id=\"622d40f\" data-element_type=\"widget\" data-e-type=\"widget\" data-widget_type=\"heading.default\">\n\t\t\t\t\t<h1 class=\"elementor-heading-title elementor-size-default\">Eventi<\/h1>\t\t\t\t<\/div>\n\t\t\t\t<div class=\"elementor-element elementor-element-59b5fd9 elementor-widget elementor-widget-text-editor\" data-id=\"59b5fd9\" data-element_type=\"widget\" data-e-type=\"widget\" data-widget_type=\"text-editor.default\">\n\t\t\t\t\t\t\t\t\t<p>Stai cercando una location per eventi facilmente raggiungibile? Festeggia la tua festa nella Locanda Wolf al Brennero. Che si tratti di un anniversario, un battesimo, una festa aziendale o un compleanno. Amiamo le atmosfere festose e la familiarit\u00e0 del stare insieme. La nostra storica stube e il moderno &#8220;Wolf-Bar&#8221; si presentano come luoghi ideali per festeggiare, brindare e ballare. Cucina alpina-mediterranea inclusa.     <\/p>\n<p>Per il tuo evento o la tua festa puoi affittare sia la nostra accogliente stube che l&#8217;intera locanda. <\/p>\n\t\t\t\t\t\t\t\t<\/div>\n\t\t\t\t<\/div>\n\t\t\t\t\t<\/div>\n\t\t\t\t<\/div>\n\t\t<div class=\"elementor-element elementor-element-574c58f e-flex e-con-boxed e-con e-parent\" data-id=\"574c58f\" data-element_type=\"container\" data-e-type=\"container\">\n\t\t\t\t\t<div class=\"e-con-inner\">\n\t\t<div class=\"elementor-element elementor-element-d720f80 e-con-full e-flex e-con e-child\" data-id=\"d720f80\" data-element_type=\"container\" data-e-type=\"container\">\n\t\t\t\t<div class=\"elementor-element elementor-element-fc1be88 elementor-widget elementor-widget-heading\" data-id=\"fc1be88\" data-element_type=\"widget\" data-e-type=\"widget\" data-widget_type=\"heading.default\">\n\t\t\t\t\t<h2 class=\"elementor-heading-title elementor-size-default\">Contatto<\/h2>\t\t\t\t<\/div>\n\t\t\t\t<div class=\"elementor-element elementor-element-a3cdb33 elementor-widget elementor-widget-text-editor\" data-id=\"a3cdb33\" data-element_type=\"widget\" data-e-type=\"widget\" data-widget_type=\"text-editor.default\">\n\t\t\t\t\t\t\t\t\t<p>Aspettiamo di ricevere la tua richiesta! Insieme troveremo la soluzione migliore per il tuo evento. <\/p>\n<p>+39 377 094 72 83<br \/><a href=\"mailto:mail@gasthauswolf.it\">mail@gasthauswolf.it<\/a><\/p>\n\t\t\t\t\t\t\t\t<\/div>\n\t\t\t\t<\/div>\n\t\t\t\t\t<\/div>\n\t\t\t\t<\/div>\n\t\t<div class=\"elementor-element elementor-element-3565af4 e-con-full e-flex e-con e-parent\" data-id=\"3565af4\" data-element_type=\"container\" data-e-type=\"container\">\n\t\t\t\t<div class=\"elementor-element elementor-element-3b869be elementor-widget elementor-widget-image\" data-id=\"3b869be\" data-element_type=\"widget\" data-e-type=\"widget\" data-widget_type=\"image.default\">\n\t\t\t\t\t\t\t\t\t\t\t\t\t\t\t<img decoding=\"async\" width=\"1600\" height=\"800\" data-src=\"https:\/\/gasthauswolf.it\/wp-content\/uploads\/hochzeit-im-gasthaus-wolf.jpg\" class=\"attachment-full size-full wp-image-1461 lazyload\" alt=\"Due sposi davanti ad uno sfondo verde scuro; la sposa indossa un abito bianco e tiene in mano un mazzo di fiori; lo sposo indossa un abito nero.\" data-srcset=\"https:\/\/gasthauswolf.it\/wp-content\/uploads\/hochzeit-im-gasthaus-wolf.jpg 1600w, https:\/\/gasthauswolf.it\/wp-content\/uploads\/hochzeit-im-gasthaus-wolf-300x150.jpg 300w, https:\/\/gasthauswolf.it\/wp-content\/uploads\/hochzeit-im-gasthaus-wolf-1024x512.jpg 1024w, https:\/\/gasthauswolf.it\/wp-content\/uploads\/hochzeit-im-gasthaus-wolf-768x384.jpg 768w, https:\/\/gasthauswolf.it\/wp-content\/uploads\/hochzeit-im-gasthaus-wolf-1536x768.jpg 1536w\" data-sizes=\"(max-width: 1600px) 100vw, 1600px\" src=\"data:image\/svg+xml;base64,PHN2ZyB3aWR0aD0iMSIgaGVpZ2h0PSIxIiB4bWxucz0iaHR0cDovL3d3dy53My5vcmcvMjAwMC9zdmciPjwvc3ZnPg==\" style=\"--smush-placeholder-width: 1600px; --smush-placeholder-aspect-ratio: 1600\/800;\" \/>\t\t\t\t\t\t\t\t\t\t\t\t\t\t\t<\/div>\n\t\t\t\t<\/div>\n\t\t<div class=\"elementor-element elementor-element-fa54a9b e-flex e-con-boxed e-con e-parent\" data-id=\"fa54a9b\" data-element_type=\"container\" data-e-type=\"container\">\n\t\t\t\t\t<div class=\"e-con-inner\">\n\t\t<div class=\"elementor-element elementor-element-62732d9 e-con-full e-flex e-con e-child\" data-id=\"62732d9\" data-element_type=\"container\" data-e-type=\"container\">\n\t\t\t\t<div class=\"elementor-element elementor-element-346e92d elementor-widget elementor-widget-text-editor\" data-id=\"346e92d\" data-element_type=\"widget\" data-e-type=\"widget\" data-widget_type=\"text-editor.default\">\n\t\t\t\t\t\t\t\t\t<p>Hai fame? Sete? Assapora i tipici piatti sudtirolesi combinati con sapori mediterranei!  <\/p>\n\t\t\t\t\t\t\t\t<\/div>\n\t\t\t\t<div class=\"elementor-element elementor-element-a03c0f3 elementor-widget elementor-widget-button\" data-id=\"a03c0f3\" data-element_type=\"widget\" data-e-type=\"widget\" data-widget_type=\"button.default\">\n\t\t\t\t\t\t\t\t\t\t<a class=\"elementor-button elementor-button-link elementor-size-sm\" href=\"https:\/\/gasthauswolf.it\/it\/mangiare-bere\/\">\n\t\t\t\t\t\t<span class=\"elementor-button-content-wrapper\">\n\t\t\t\t\t\t\t\t\t<span class=\"elementor-button-text\">Mangiare &amp; Bere<\/span>\n\t\t\t\t\t<\/span>\n\t\t\t\t\t<\/a>\n\t\t\t\t\t\t\t\t<\/div>\n\t\t\t\t<\/div>\n\t\t<div class=\"elementor-element elementor-element-7de85b3 e-con-full e-flex e-con e-child\" data-id=\"7de85b3\" data-element_type=\"container\" data-e-type=\"container\">\n\t\t\t\t<div class=\"elementor-element elementor-element-276ac67 elementor-widget elementor-widget-heading\" data-id=\"276ac67\" data-element_type=\"widget\" data-e-type=\"widget\" data-widget_type=\"heading.default\">\n\t\t\t\t\t<h2 class=\"elementor-heading-title elementor-size-default\">Locanda<\/h2>\t\t\t\t<\/div>\n\t\t\t\t<div class=\"elementor-element elementor-element-0262f43 elementor-widget elementor-widget-text-editor\" data-id=\"0262f43\" data-element_type=\"widget\" data-e-type=\"widget\" data-widget_type=\"text-editor.default\">\n\t\t\t\t\t\t\t\t\t<p>La Locanda Wolf al Brennero esiste da oltre 400 anni. Oggi la nostra cucina \u00e8 sinonimo di regionalit\u00e0, combinando sapori alpini e mediterranei. Per un&#8217;accoglienza autentica e ospitalit\u00e0 sudtirolese.  <\/p>\n\t\t\t\t\t\t\t\t<\/div>\n\t\t\t\t<div class=\"elementor-element elementor-element-1cd421e elementor-widget elementor-widget-button\" data-id=\"1cd421e\" data-element_type=\"widget\" data-e-type=\"widget\" data-widget_type=\"button.default\">\n\t\t\t\t\t\t\t\t\t\t<a class=\"elementor-button elementor-button-link elementor-size-sm\" href=\"https:\/\/gasthauswolf.it\/it\/locanda\/\">\n\t\t\t\t\t\t<span class=\"elementor-button-content-wrapper\">\n\t\t\t\t\t\t\t\t\t<span class=\"elementor-button-text\">Scopri di pi\u00f9<\/span>\n\t\t\t\t\t<\/span>\n\t\t\t\t\t<\/a>\n\t\t\t\t\t\t\t\t<\/div>\n\t\t\t\t<\/div>\n\t\t\t\t\t<\/div>\n\t\t\t\t<\/div>\n\t\t\t\t<\/div>\n\t\t","protected":false},"excerpt":{"rendered":"<p>Stai cercando una location per eventi facilmente raggiungibile? Festeggia la tua festa nella Locanda Wolf al Brennero! Ideale per anniversari, battesimi, feste aziendali o compleanni.  <\/p>\n","protected":false},"author":4,"featured_media":0,"parent":0,"menu_order":0,"comment_status":"closed","ping_status":"closed","template":"","meta":{"footnotes":""},"class_list":["post-2394","page","type-page","status-publish","hentry"],"_links":{"self":[{"href":"https:\/\/gasthauswolf.it\/it\/wp-json\/wp\/v2\/pages\/2394","targetHints":{"allow":["GET"]}}],"collection":[{"href":"https:\/\/gasthauswolf.it\/it\/wp-json\/wp\/v2\/pages"}],"about":[{"href":"https:\/\/gasthauswolf.it\/it\/wp-json\/wp\/v2\/types\/page"}],"author":[{"embeddable":true,"href":"https:\/\/gasthauswolf.it\/it\/wp-json\/wp\/v2\/users\/4"}],"replies":[{"embeddable":true,"href":"https:\/\/gasthauswolf.it\/it\/wp-json\/wp\/v2\/comments?post=2394"}],"version-history":[{"count":0,"href":"https:\/\/gasthauswolf.it\/it\/wp-json\/wp\/v2\/pages\/2394\/revisions"}],"wp:attachment":[{"href":"https:\/\/gasthauswolf.it\/it\/wp-json\/wp\/v2\/media?parent=2394"}],"curies":[{"name":"wp","href":"https:\/\/api.w.org\/{rel}","templated":true}]}}